
{"id":3,"date":"2025-03-11T16:00:27","date_gmt":"2025-03-11T15:00:27","guid":{"rendered":"http:\/\/africanova.info\/?page_id=3"},"modified":"2025-03-31T12:15:44","modified_gmt":"2025-03-31T10:15:44","slug":"politique-de-confidentialite","status":"publish","type":"page","link":"https:\/\/africanova.info\/?page_id=3","title":{"rendered":"Politique de confidentialit\u00e9"},"content":{"rendered":"\t\t<div data-elementor-type=\"wp-page\" data-elementor-id=\"3\" class=\"elementor elementor-3\">\r\n\t\t\t\t<div class=\"elementor-element elementor-element-4d04e77a e-flex e-con-boxed e-con e-parent\" data-id=\"4d04e77a\" data-element_type=\"container\">\r\n\t\t\t\t\t<div class=\"e-con-inner\">\r\n\t\t\t\t<div class=\"elementor-element elementor-element-37034090 elementor-widget elementor-widget-text-editor\" data-id=\"37034090\" data-element_type=\"widget\" data-widget_type=\"text-editor.default\">\r\n\t\t\t\t<div class=\"elementor-widget-container\">\r\n\t\t\t\t\t\t\t\t\t<p><strong>Objectif<\/strong><\/p>\n<p>Cette politique vise \u00e0 informer les utilisateurs sur la collecte, l\u2019utilisation et la protection de leurs donn\u00e9es personnelles conform\u00e9ment au\u00a0<strong>R\u00e8glement G\u00e9n\u00e9ral sur la Protection des Donn\u00e9es (RGPD)<\/strong>.<\/p>\n<p><strong>Donn\u00e9es Collect\u00e9es<\/strong><\/p>\n<ol>\n<li><strong>Donn\u00e9es collect\u00e9es automatiquement<\/strong>\u00a0:<\/li>\n<\/ol>\n<ol>\n<li style=\"list-style-type: none;\">\n<ul>\n<li>Adresse IP<\/li>\n<li>Localisation g\u00e9ographique approximative<\/li>\n<li>Historique de navigation (pages visit\u00e9es, dur\u00e9e de visite)<\/li>\n<\/ul>\n<\/li>\n<\/ol>\n<ol>\n<li><strong>Donn\u00e9es fournies volontairement par l\u2019utilisateur<\/strong>\u00a0:<\/li>\n<\/ol>\n<ol>\n<li style=\"list-style-type: none;\">\n<ul>\n<li>Nom et pr\u00e9nom<\/li>\n<li>Adresse e-mail<\/li>\n<li>Informations de paiement (le cas \u00e9ch\u00e9ant)<\/li>\n<\/ul>\n<\/li>\n<\/ol>\n<p><strong>Utilisation des Donn\u00e9es<\/strong><\/p>\n<p>Les donn\u00e9es collect\u00e9es sont utilis\u00e9es pour :<\/p>\n<ul>\n<li>Am\u00e9liorer l\u2019exp\u00e9rience utilisateur sur le site<\/li>\n<li>R\u00e9pondre aux demandes des utilisateurs<\/li>\n<li>Respecter les obligations l\u00e9gales<\/li>\n<\/ul>\n<p><strong>Droits des Utilisateurs<\/strong><\/p>\n<p>Conform\u00e9ment au RGPD, vous disposez des droits suivants :<\/p>\n<ul>\n<li>Acc\u00e8s \u00e0 vos donn\u00e9es personnelles<\/li>\n<li>Rectification ou suppression de vos donn\u00e9es<\/li>\n<li>Opposition au traitement de vos donn\u00e9es<\/li>\n<li>Portabilit\u00e9 des donn\u00e9es<\/li>\n<\/ul>\n<p>Pour exercer ces droits, contactez-nous \u00e0 l\u2019adresse suivante :\u00a0<a href=\"mailto:contact@africanova.info\">contact@africanova.info<\/a>.<\/p>\t\t\t\t\t\t\t\t<\/div>\r\n\t\t\t\t<\/div>\r\n\t\t\t\t\t<\/div>\r\n\t\t\t\t<\/div>\r\n\t\t\t\t<\/div>\r\n\t\t<div class=\"gsp_post_data\" data-post_type=\"page\" data-cat=\"\" data-modified=\"120\" data-title=\"Politique de confidentialit\u00e9\" data-home=\"https:\/\/africanova.info\"><\/div>","protected":false},"excerpt":{"rendered":"<p>Objectif Cette politique vise \u00e0 informer les utilisateurs sur la collecte, l\u2019utilisation et la protection de leurs donn\u00e9es personnelles conform\u00e9ment au\u00a0R\u00e8glement G\u00e9n\u00e9ral sur la Protection des Donn\u00e9es (RGPD). Donn\u00e9es Collect\u00e9es&hellip;<\/p>\n","protected":false},"author":1,"featured_media":0,"parent":0,"menu_order":0,"comment_status":"closed","ping_status":"open","template":"","meta":{"_bbp_topic_count":0,"_bbp_reply_count":0,"_bbp_total_topic_count":0,"_bbp_total_reply_count":0,"_bbp_voice_count":0,"_bbp_anonymous_reply_count":0,"_bbp_topic_count_hidden":0,"_bbp_reply_count_hidden":0,"_bbp_forum_subforum_count":0,"_lmt_disableupdate":"","_lmt_disable":"","footnotes":""},"class_list":["post-3","page","type-page","status-publish","hentry"],"jetpack_sharing_enabled":true,"_links":{"self":[{"href":"https:\/\/africanova.info\/index.php?rest_route=\/wp\/v2\/pages\/3","targetHints":{"allow":["GET"]}}],"collection":[{"href":"https:\/\/africanova.info\/index.php?rest_route=\/wp\/v2\/pages"}],"about":[{"href":"https:\/\/africanova.info\/index.php?rest_route=\/wp\/v2\/types\/page"}],"author":[{"embeddable":true,"href":"https:\/\/africanova.info\/index.php?rest_route=\/wp\/v2\/users\/1"}],"replies":[{"embeddable":true,"href":"https:\/\/africanova.info\/index.php?rest_route=%2Fwp%2Fv2%2Fcomments&post=3"}],"version-history":[{"count":4,"href":"https:\/\/africanova.info\/index.php?rest_route=\/wp\/v2\/pages\/3\/revisions"}],"predecessor-version":[{"id":2393,"href":"https:\/\/africanova.info\/index.php?rest_route=\/wp\/v2\/pages\/3\/revisions\/2393"}],"wp:attachment":[{"href":"https:\/\/africanova.info\/index.php?rest_route=%2Fwp%2Fv2%2Fmedia&parent=3"}],"curies":[{"name":"wp","href":"https:\/\/api.w.org\/{rel}","templated":true}]}}